{"id":127,"date":"2026-04-01T13:48:28","date_gmt":"2026-04-01T11:48:28","guid":{"rendered":"https:\/\/traildesfleurs25.fr\/?page_id=127"},"modified":"2026-04-01T13:48:28","modified_gmt":"2026-04-01T11:48:28","slug":"comme-une-petite-fleur","status":"publish","type":"page","link":"https:\/\/traildesfleurs25.fr\/?page_id=127","title":{"rendered":"Comme une petite Fleur"},"content":{"rendered":"\n<div style=\"height:100px\" aria-hidden=\"true\" class=\"wp-block-spacer\"><\/div>\n\n\n\n<div class=\"wp-block-group alignwide is-layout-flow wp-block-group-is-layout-flow\" style=\"min-height:0px;margin-top:0;margin-bottom:0;padding-right:0;padding-left:0\">\n<p class=\"has-text-align-justify has-text-align-justify\">L\u2019association <em>Comme une petite Fleur<\/em> a \u00e9t\u00e9 cr\u00e9\u00e9 en 2016 par les parents de Fleur afin de r\u00e9unir des fonds destin\u00e9s \u00e0 l&rsquo;am\u00e9lioration de son quotidien et de sa sant\u00e9. Cela passe par le financement de mat\u00e9riel, d&rsquo;\u00e9quipements ou de soins rendus n\u00e9cessaires par son handicap.<\/p>\n\n\n\n<p class=\"has-text-align-justify has-text-align-justify\">L\u2019association a \u00e9galement pour but de sensibiliser les pouvoirs publics \u00e0 la situation des personnes polyhandicap\u00e9es et de leurs familles, apporter aux familles concern\u00e9es par le polyhandicap des conseils sur le mat\u00e9riel et les d\u00e9marches administratives.<\/p>\n\n\n\n<p class=\"has-text-align-justify has-text-align-justify\">Fleur est n\u00e9e en 2012 avec une anomalie g\u00e9n\u00e9tique tr\u00e8s rare (une triplication 17p13-3, correspondant \u00e0 la zone de son g\u00e9nome sur laquelle un g\u00e8ne intervenant dans le d\u00e9veloppement du cerveau a \u00e9t\u00e9 cod\u00e9 en triples exemplaires). Le diagnostic est \u00e9tabli en 2014 et \u00e0 cette \u00e9poque seules 3 autres personnes sont porteuses d\u2019une anomalie identique. Il n\u2019y a donc pas de traitement, ni espoir qu\u2019un jour une th\u00e9rapie g\u00e9nique soit disponible.<\/p>\n\n\n\n<p class=\"has-text-align-justify has-text-align-justify\">Cette anomalie impacte son d\u00e9veloppement moteur (elle ne marche pas) et g\u00e9n\u00e8re un retard mental important. Elle a \u00e9galement des troubles autistiques et des comportements d\u2019auto-agression.<\/p>\n\n\n\n<p class=\"has-text-align-justify has-text-align-justify\">Mais Fleur est une adolescente surprenante, espi\u00e8gle, rigolote et qui adore se promener. Elle a une excellente m\u00e9moire et connait une quantit\u00e9 impressionnante de comptines et chansons qu\u2019elle est capable de r\u00e9citer par c\u0153ur.<\/p>\n\n\n\n<p class=\"has-text-align-justify has-text-align-justify\">Ces deux derni\u00e8res ann\u00e9es ont \u00e9t\u00e9 tr\u00e8s compliqu\u00e9es pour elle. Souffrant d\u2019une cyphose et d\u2019une scoliose elle a d\u00fb se faire poser des tiges de croissance afin de redresser sa colonne et \u00e9viter un \u00e9crasement progressif de ses poumons. Malheureusement l\u2019op\u00e9ration n\u2019a pas \u00e9t\u00e9 un succ\u00e8s. Elle a subi de multiples infections et le mat\u00e9riel a d\u00fb \u00eatre retir\u00e9 pour \u00eatre remplac\u00e9 par une arthrod\u00e8se compl\u00e8te. Les infections ne sont pas arr\u00eat\u00e9es pour autant et 3 autres op\u00e9rations longues et compliqu\u00e9es ont d\u00fb \u00eatre n\u00e9cessaires. Encore aujourd\u2019hui une derni\u00e8re op\u00e9ration est pr\u00e9vue en Avril 2026 afin de retirer d\u00e9finitivement le mat\u00e9riel. Sa colonne sera redress\u00e9e mais ces op\u00e9rations ont consid\u00e9rablement r\u00e9duit sa mobilit\u00e9. Elle ne peut plus se tenir assise parterre et ne peut plus se d\u00e9placer sur ses fesses comme elle le faisait auparavant.<\/p>\n\n\n\n<p class=\"has-text-align-justify has-text-align-justify\">Fleur est r\u00e9siliente et esp\u00e8re pouvoir refaire des promenades sur les chemins d\u00e8s qu\u2019elle aura r\u00e9cup\u00e9rer de toutes ces op\u00e9rations.<\/p>\n<\/div>\n\n\n\n<div class=\"wp-block-group alignfull has-global-padding is-layout-constrained wp-container-core-group-is-layout-0747478d wp-block-group-is-layout-constrained\" style=\"padding-top:var(--wp--preset--spacing--50);padding-right:var(--wp--preset--spacing--50);padding-bottom:var(--wp--preset--spacing--50);padding-left:var(--wp--preset--spacing--50)\">\n<div class=\"wp-block-columns alignwide is-layout-flex wp-container-core-columns-is-layout-ff4b9c61 wp-block-columns-is-layout-flex\" style=\"margin-top:0;margin-bottom:0\">\n<div class=\"wp-block-column is-layout-flow wp-block-column-is-layout-flow\">\n<figure class=\"wp-block-image aligncenter size-large\"><img loading=\"lazy\" decoding=\"async\" width=\"730\" height=\"1024\" src=\"https:\/\/traildesfleurs25.fr\/wp-content\/uploads\/2026\/04\/Photo_Famille-730x1024.jpg\" alt=\"\" class=\"wp-image-132\" srcset=\"https:\/\/traildesfleurs25.fr\/wp-content\/uploads\/2026\/04\/Photo_Famille-730x1024.jpg 730w, https:\/\/traildesfleurs25.fr\/wp-content\/uploads\/2026\/04\/Photo_Famille-214x300.jpg 214w, https:\/\/traildesfleurs25.fr\/wp-content\/uploads\/2026\/04\/Photo_Famille-768x1078.jpg 768w, https:\/\/traildesfleurs25.fr\/wp-content\/uploads\/2026\/04\/Photo_Famille.jpg 992w\" sizes=\"auto, (max-width: 730px) 100vw, 730px\" \/><\/figure>\n<\/div>\n\n\n\n<div class=\"wp-block-column is-vertically-aligned-center is-layout-flow wp-block-column-is-layout-flow\">\n<figure class=\"wp-block-image size-large\"><img loading=\"lazy\" decoding=\"async\" width=\"1024\" height=\"769\" src=\"https:\/\/traildesfleurs25.fr\/wp-content\/uploads\/2026\/04\/WhatsApp-Image-2026-02-19-at-14.51.20-1024x769.jpeg\" alt=\"\" class=\"wp-image-129\" srcset=\"https:\/\/traildesfleurs25.fr\/wp-content\/uploads\/2026\/04\/WhatsApp-Image-2026-02-19-at-14.51.20-1024x769.jpeg 1024w, https:\/\/traildesfleurs25.fr\/wp-content\/uploads\/2026\/04\/WhatsApp-Image-2026-02-19-at-14.51.20-300x225.jpeg 300w, https:\/\/traildesfleurs25.fr\/wp-content\/uploads\/2026\/04\/WhatsApp-Image-2026-02-19-at-14.51.20-768x576.jpeg 768w, https:\/\/traildesfleurs25.fr\/wp-content\/uploads\/2026\/04\/WhatsApp-Image-2026-02-19-at-14.51.20-1536x1153.jpeg 1536w, https:\/\/traildesfleurs25.fr\/wp-content\/uploads\/2026\/04\/WhatsApp-Image-2026-02-19-at-14.51.20.jpeg 2048w\" sizes=\"auto, (max-width: 1024px) 100vw, 1024px\" \/><\/figure>\n<\/div>\n<\/div>\n<\/div>\n","protected":false},"excerpt":{"rendered":"<p>L\u2019association Comme une petite Fleur a \u00e9t\u00e9 cr\u00e9\u00e9 en 2016 par les parents de Fleur afin de r\u00e9unir des fonds destin\u00e9s \u00e0 l&rsquo;am\u00e9lioration de son quotidien et de sa sant\u00e9. Cela passe par le financement de mat\u00e9riel, d&rsquo;\u00e9quipements ou de soins rendus n\u00e9cessaires par son handicap. L\u2019association a \u00e9galement pour but de sensibiliser les pouvoirs [&hellip;]<\/p>\n","protected":false},"author":1,"featured_media":0,"parent":0,"menu_order":0,"comment_status":"closed","ping_status":"closed","template":"","meta":{"footnotes":""},"class_list":["post-127","page","type-page","status-publish","hentry"],"_links":{"self":[{"href":"https:\/\/traildesfleurs25.fr\/index.php?rest_route=\/wp\/v2\/pages\/127","targetHints":{"allow":["GET"]}}],"collection":[{"href":"https:\/\/traildesfleurs25.fr\/index.php?rest_route=\/wp\/v2\/pages"}],"about":[{"href":"https:\/\/traildesfleurs25.fr\/index.php?rest_route=\/wp\/v2\/types\/page"}],"author":[{"embeddable":true,"href":"https:\/\/traildesfleurs25.fr\/index.php?rest_route=\/wp\/v2\/users\/1"}],"replies":[{"embeddable":true,"href":"https:\/\/traildesfleurs25.fr\/index.php?rest_route=%2Fwp%2Fv2%2Fcomments&post=127"}],"version-history":[{"count":4,"href":"https:\/\/traildesfleurs25.fr\/index.php?rest_route=\/wp\/v2\/pages\/127\/revisions"}],"predecessor-version":[{"id":134,"href":"https:\/\/traildesfleurs25.fr\/index.php?rest_route=\/wp\/v2\/pages\/127\/revisions\/134"}],"wp:attachment":[{"href":"https:\/\/traildesfleurs25.fr\/index.php?rest_route=%2Fwp%2Fv2%2Fmedia&parent=127"}],"curies":[{"name":"wp","href":"https:\/\/api.w.org\/{rel}","templated":true}]}}